{"id":8463,"date":"2022-05-20T22:56:23","date_gmt":"2022-05-20T22:56:23","guid":{"rendered":"https:\/\/fen.com.ec\/Website1\/?page_id=8463"},"modified":"2022-05-20T23:01:30","modified_gmt":"2022-05-20T23:01:30","slug":"familia","status":"publish","type":"page","link":"https:\/\/fen.com.ec\/Website1\/familia\/","title":{"rendered":"Familia"},"content":{"rendered":"\t\t<div data-elementor-type=\"wp-page\" data-elementor-id=\"8463\" class=\"elementor elementor-8463\" data-elementor-post-type=\"page\">\n\t\t\t\t\t\t<section class=\"elementor-section elementor-top-section elementor-element elementor-element-a552a59 elementor-section-boxed elementor-section-height-default elementor-section-height-default rt-parallax-bg-no\" data-id=\"a552a59\" data-element_type=\"section\" data-e-type=\"section\">\n\t\t\t\t\t\t<div class=\"elementor-container elementor-column-gap-default\">\n\t\t\t\t\t<div class=\"elementor-column elementor-col-100 elementor-top-column elementor-element elementor-element-5fb9a0b\" data-id=\"5fb9a0b\" data-element_type=\"column\" data-e-type=\"column\">\n\t\t\t<div class=\"elementor-widget-wrap elementor-element-populated\">\n\t\t\t\t\t\t<div class=\"elementor-element elementor-element-4258600 elementor-widget elementor-widget-heading\" data-id=\"4258600\" data-element_type=\"widget\" data-e-type=\"widget\" data-widget_type=\"heading.default\">\n\t\t\t\t<div class=\"elementor-widget-container\">\n\t\t\t\t\t<h1 class=\"elementor-heading-title elementor-size-default\">FAMILIA<\/h1>\t\t\t\t<\/div>\n\t\t\t\t<\/div>\n\t\t\t\t\t<\/div>\n\t\t<\/div>\n\t\t\t\t\t<\/div>\n\t\t<\/section>\n\t\t\t\t<section class=\"elementor-section elementor-top-section elementor-element elementor-element-2946acc elementor-section-boxed elementor-section-height-default elementor-section-height-default rt-parallax-bg-no\" data-id=\"2946acc\" data-element_type=\"section\" data-e-type=\"section\">\n\t\t\t\t\t\t<div class=\"elementor-container elementor-column-gap-default\">\n\t\t\t\t\t<div class=\"elementor-column elementor-col-50 elementor-top-column elementor-element elementor-element-cda97b4\" data-id=\"cda97b4\" data-element_type=\"column\" data-e-type=\"column\">\n\t\t\t<div class=\"elementor-widget-wrap elementor-element-populated\">\n\t\t\t\t\t\t<div class=\"elementor-element elementor-element-9ea6d1f elementor-widget elementor-widget-image\" data-id=\"9ea6d1f\" data-element_type=\"widget\" data-e-type=\"widget\" data-widget_type=\"image.default\">\n\t\t\t\t<div class=\"elementor-widget-container\">\n\t\t\t\t\t\t\t\t\t\t\t\t\t\t\t<img fetchpriority=\"high\" decoding=\"async\" width=\"350\" height=\"400\" src=\"https:\/\/i0.wp.com\/fen.com.ec\/Website1\/wp-content\/uploads\/2022\/05\/s3.jpeg?fit=350%2C400&amp;ssl=1\" class=\"attachment-large size-large wp-image-8465\" alt=\"\" srcset=\"https:\/\/i0.wp.com\/fen.com.ec\/Website1\/wp-content\/uploads\/2022\/05\/s3.jpeg?w=350&amp;ssl=1 350w, https:\/\/i0.wp.com\/fen.com.ec\/Website1\/wp-content\/uploads\/2022\/05\/s3.jpeg?resize=263%2C300&amp;ssl=1 263w, https:\/\/i0.wp.com\/fen.com.ec\/Website1\/wp-content\/uploads\/2022\/05\/s3.jpeg?resize=137%2C157&amp;ssl=1 137w\" sizes=\"(max-width: 350px) 100vw, 350px\" \/>\t\t\t\t\t\t\t\t\t\t\t\t\t\t\t<\/div>\n\t\t\t\t<\/div>\n\t\t\t\t\t<\/div>\n\t\t<\/div>\n\t\t\t\t<div class=\"elementor-column elementor-col-50 elementor-top-column elementor-element elementor-element-a083a88\" data-id=\"a083a88\" data-element_type=\"column\" data-e-type=\"column\">\n\t\t\t<div class=\"elementor-widget-wrap elementor-element-populated\">\n\t\t\t\t\t\t<div class=\"elementor-element elementor-element-1d3ac99 elementor-widget elementor-widget-text-editor\" data-id=\"1d3ac99\" data-element_type=\"widget\" data-e-type=\"widget\" data-widget_type=\"text-editor.default\">\n\t\t\t\t<div class=\"elementor-widget-container\">\n\t\t\t\t\t\t\t\t\t<p>La familia constituye la unidad fundamental y natural de toda sociedad. Por esta raz\u00f3n, existen diferentes normas jur\u00eddicas que regulan los derechos y deberes de las relaciones derivadas del matrimonio y la uni\u00f3n de hecho.\u00a0<br \/><br \/>Son variadas las funciones que desempe\u00f1an los notarios en el \u00e1mbito familiar en nuestro pa\u00eds. Su accionar es de importancia en diferentes momentos, en los cuales es necesario realizar actos, contratos y documentos para preservar la uni\u00f3n familiar y formalizar decisiones en pro de la misma.<br \/><br \/>No obstante, en las notar\u00edas del pa\u00eds se realizan testamentos; extinci\u00f3n del patrimonio familiar; posesiones efectivas; capitulaciones matrimoniales; uniones de hecho; divorcios por mutuo consentimiento; disoluci\u00f3n de la sociedad conyugal o sociedad de bienes en uni\u00f3n de hecho; autorizaci\u00f3n de salida del pa\u00eds a menores, entre otros actos y contratos establecidos en la Ley Notarial. dentro del derecho que, como ciencia independiente, reclama su desarrollo y conocimiento.<\/p>\t\t\t\t\t\t\t\t<\/div>\n\t\t\t\t<\/div>\n\t\t\t\t\t<\/div>\n\t\t<\/div>\n\t\t\t\t\t<\/div>\n\t\t<\/section>\n\t\t\t\t<\/div>\n\t\t\n    <div class=\"xs_social_share_widget xs_share_url after_content \t\tmain_content  wslu-style-1 wslu-share-box-shaped wslu-fill-colored wslu-none wslu-share-horizontal wslu-theme-font-no wslu-main_content\">\n\n\t\t\n        <ul>\n\t\t\t                    <li class=\"xs-share-li facebook                        wslu-no-extra-data\">\n                        <a href=\"#\"\n                           class=\"xs-share-link\"\n                           id=\"xs_feed_facebook\"\n                           data-pid=\"8463\"\n                           data-uri_hash=\"d72329e3168fed3d37f8eae1df23d953\"\n                           data-key=\"facebook\"\n                           data-xs-href=\"http:\/\/www.facebook.com\/sharer.php?u=https%3A%2F%2Ffen.com.ec%2FWebsite1%2Ffamilia%2F&amp;t=Familia&amp;v=3\">\n\n                            <div class=\"xs-social-icon\">\n                                <span class=\"met-social met-social-facebook\"><\/span>\n                            <\/div>\n\n\t\t\t\t\t\t\t\n                            <div class=\"wslu-hover-content\">\n                                <div class=\"xs-social-followers\">\n\t\t\t\t\t\t\t\t\t0                                <\/div>\n                                <div class=\"xs-social-follower-text\">\n\t\t\t\t\t\t\t\t\t                                <\/div>\n                                <div class=\"xs-social-follower-label\">\n\t\t\t\t\t\t\t\t\tFacebook                                <\/div>\n                            <\/div>\n                        <\/a>\n                    <\/li>\n\t\t\t\t\t        <\/ul>\n    <\/div> \n","protected":false},"excerpt":{"rendered":"<p>FAMILIA La familia constituye la unidad fundamental y natural de toda sociedad. Por esta raz\u00f3n, existen diferentes normas jur\u00eddicas que regulan los derechos y deberes de las relaciones derivadas del matrimonio y la uni\u00f3n de hecho.\u00a0 Son variadas las funciones que desempe\u00f1an los notarios en el \u00e1mbito familiar en nuestro pa\u00eds. Su accionar es de [&hellip;]<\/p>\n","protected":false},"author":2,"featured_media":0,"parent":0,"menu_order":0,"comment_status":"closed","ping_status":"closed","template":"","meta":{"nf_dc_page":"","_eb_attr":"","om_disable_all_campaigns":false,"footnotes":""},"class_list":["post-8463","page","type-page","status-publish","hentry"],"jetpack_sharing_enabled":true,"_links":{"self":[{"href":"https:\/\/fen.com.ec\/Website1\/wp-json\/wp\/v2\/pages\/8463","targetHints":{"allow":["GET"]}}],"collection":[{"href":"https:\/\/fen.com.ec\/Website1\/wp-json\/wp\/v2\/pages"}],"about":[{"href":"https:\/\/fen.com.ec\/Website1\/wp-json\/wp\/v2\/types\/page"}],"author":[{"embeddable":true,"href":"https:\/\/fen.com.ec\/Website1\/wp-json\/wp\/v2\/users\/2"}],"replies":[{"embeddable":true,"href":"https:\/\/fen.com.ec\/Website1\/wp-json\/wp\/v2\/comments?post=8463"}],"version-history":[{"count":4,"href":"https:\/\/fen.com.ec\/Website1\/wp-json\/wp\/v2\/pages\/8463\/revisions"}],"predecessor-version":[{"id":8468,"href":"https:\/\/fen.com.ec\/Website1\/wp-json\/wp\/v2\/pages\/8463\/revisions\/8468"}],"wp:attachment":[{"href":"https:\/\/fen.com.ec\/Website1\/wp-json\/wp\/v2\/media?parent=8463"}],"curies":[{"name":"wp","href":"https:\/\/api.w.org\/{rel}","templated":true}]}}